{"id":30,"date":"2012-11-23T19:34:01","date_gmt":"2012-11-23T22:34:01","guid":{"rendered":"http:\/\/192.168.0.11\/verona\/?page_id=30"},"modified":"2022-11-10T11:40:15","modified_gmt":"2022-11-10T14:40:15","slug":"representantes","status":"publish","type":"page","link":"https:\/\/www.veronamoveis.com.br\/veronamoveis\/representantes\/","title":{"rendered":"Representantes"},"content":{"rendered":"<div class=\"dmap\" id=\"dmap\">\n<ul id=\"map\">\n<li id=\"crs\"><a id=\"rs\" title=\"RS\" href=\"#rs\"><img class=\"colorbox-30\"  decoding=\"async\" alt=\"RS\" src=\"..\/wp-content\/themes\/verona\/images\/mapa\/null.gif\" \/><\/a><\/li>\n<li id=\"csc\"><a id=\"sc\" title=\"SC\" href=\"#sc\"><img class=\"colorbox-30\"  decoding=\"async\" alt=\"SC\" src=\"..\/wp-content\/themes\/verona\/images\/mapa\/null.gif\" \/><\/a><\/li>\n<li id=\"cpr\"><a id=\"pr\" title=\"PR\" href=\"#pr\"><img class=\"colorbox-30\"  decoding=\"async\" alt=\"PR\" src=\"..\/wp-content\/themes\/verona\/images\/mapa\/null.gif\" \/><\/a><\/li>\n<li id=\"csp\"><a id=\"sp\" title=\"SP\" href=\"#sp\"><img class=\"colorbox-30\"  decoding=\"async\" alt=\"SP\" src=\"..\/wp-content\/themes\/verona\/images\/mapa\/null.gif\" \/><\/a><\/li>\n<li id=\"cms\"><a id=\"ms\" title=\"MS\" href=\"#ms\"><img class=\"colorbox-30\"  decoding=\"async\" alt=\"MS\" src=\"..\/wp-content\/themes\/verona\/images\/mapa\/null.gif\" \/><\/a><\/li>\n<li id=\"crj\"><a id=\"rj\" title=\"RJ\" href=\"#rj\"><img class=\"colorbox-30\"  decoding=\"async\" alt=\"RJ\" src=\"..\/wp-content\/themes\/verona\/images\/mapa\/null.gif\" \/><\/a><\/li>\n<li id=\"ces\"><a id=\"es\" title=\"ES\" href=\"#es\"><img class=\"colorbox-30\"  decoding=\"async\" alt=\"ES\" src=\"..\/wp-content\/themes\/verona\/images\/mapa\/null.gif\" \/><\/a><\/li>\n<li id=\"cmg\"><a id=\"mg\" title=\"MG\" href=\"#mg\"><img class=\"colorbox-30\"  decoding=\"async\" alt=\"MG\" src=\"..\/wp-content\/themes\/verona\/images\/mapa\/null.gif\" \/><\/a><\/li>\n<li id=\"cgo\"><a id=\"go\" title=\"GO\" href=\"#go\"><img class=\"colorbox-30\"  decoding=\"async\" alt=\"GO\" src=\"..\/wp-content\/themes\/verona\/images\/mapa\/null.gif\" \/><\/a><\/li>\n<li id=\"cba\"><a id=\"ba\" title=\"BA\" href=\"#ba\"><img class=\"colorbox-30\"  decoding=\"async\" alt=\"BA\" src=\"..\/wp-content\/themes\/verona\/images\/mapa\/null.gif\" \/><\/a><\/li>\n<li id=\"cmt\"><a id=\"mt\" title=\"MT\" href=\"#mt\"><img class=\"colorbox-30\"  decoding=\"async\" alt=\"MT\" src=\"..\/wp-content\/themes\/verona\/images\/mapa\/null.gif\" \/><\/a><\/li>\n<li id=\"cro\"><a id=\"ro\" title=\"RO\" href=\"#ro\"><img class=\"colorbox-30\"  decoding=\"async\" alt=\"RO\" src=\"..\/wp-content\/themes\/verona\/images\/mapa\/null.gif\" \/><\/a><\/li>\n<li id=\"cac\"><a id=\"ac\" title=\"AC\" href=\"#ac\"><img class=\"colorbox-30\"  decoding=\"async\" alt=\"AC\" src=\"..\/wp-content\/themes\/verona\/images\/mapa\/null.gif\" \/><\/a><\/li>\n<li id=\"cam\"><a id=\"am\" title=\"AM\" href=\"#am\"><img class=\"colorbox-30\"  decoding=\"async\" alt=\"AM\" src=\"..\/wp-content\/themes\/verona\/images\/mapa\/null.gif\" \/><\/a><\/li>\n<li id=\"crr\"><a id=\"rr\" title=\"RR\" href=\"#rr\"><img class=\"colorbox-30\"  decoding=\"async\" alt=\"RR\" src=\"..\/wp-content\/themes\/verona\/images\/mapa\/null.gif\" \/><\/a><\/li>\n<li id=\"cpa\"><a id=\"pa\" title=\"PA\" href=\"#pa\"><img class=\"colorbox-30\"  decoding=\"async\" alt=\"PA\" src=\"..\/wp-content\/themes\/verona\/images\/mapa\/null.gif\" \/><\/a><\/li>\n<li id=\"cap\"><a id=\"ap\" title=\"AP\" href=\"#ap\"><img class=\"colorbox-30\"  decoding=\"async\" alt=\"AP\" src=\"..\/wp-content\/themes\/verona\/images\/mapa\/null.gif\" \/><\/a><\/li>\n<li id=\"cma\"><a id=\"ma\" title=\"MA\" href=\"#ma\"><img class=\"colorbox-30\"  decoding=\"async\" alt=\"MA\" src=\"..\/wp-content\/themes\/verona\/images\/mapa\/null.gif\" \/><\/a><\/li>\n<li id=\"cto\"><a id=\"to\" title=\"TO\" href=\"#to\"><img class=\"colorbox-30\"  decoding=\"async\" alt=\"TO\" src=\"..\/wp-content\/themes\/verona\/images\/mapa\/null.gif\" \/><\/a><\/li>\n<li id=\"cse\"><a id=\"se\" title=\"SE\" href=\"#se\"><img class=\"colorbox-30\"  decoding=\"async\" alt=\"SE\" src=\"..\/wp-content\/themes\/verona\/images\/mapa\/null.gif\" \/><\/a><\/li>\n<li id=\"cal\"><a id=\"al\" title=\"AL\" href=\"#al\"><img class=\"colorbox-30\"  decoding=\"async\" alt=\"AL\" src=\"..\/wp-content\/themes\/verona\/images\/mapa\/null.gif\" \/><\/a><\/li>\n<li id=\"cpe\"><a id=\"pe\" title=\"PE\" href=\"#pe\"><img class=\"colorbox-30\"  decoding=\"async\" alt=\"PE\" src=\"..\/wp-content\/themes\/verona\/images\/mapa\/null.gif\" \/><\/a><\/li>\n<li id=\"cpb\"><a id=\"pb\" title=\"PB\" href=\"#pb\"><img class=\"colorbox-30\"  decoding=\"async\" alt=\"PB\" src=\"..\/wp-content\/themes\/verona\/images\/mapa\/null.gif\" \/><\/a><\/li>\n<li id=\"crn\"><a id=\"rn\" title=\"RN\" href=\"#rn\"><img class=\"colorbox-30\"  decoding=\"async\" alt=\"RN\" src=\"..\/wp-content\/themes\/verona\/images\/mapa\/null.gif\" \/><\/a><\/li>\n<li id=\"cce\"><a id=\"ce\" title=\"CE\" href=\"#ce\"><img class=\"colorbox-30\"  decoding=\"async\" alt=\"CE\" src=\"..\/wp-content\/themes\/verona\/images\/mapa\/null.gif\" \/><\/a><\/li>\n<li id=\"cpi\"><a id=\"pi\" title=\"PI\" href=\"#pi\"><img class=\"colorbox-30\"  decoding=\"async\" alt=\"PI\" src=\"..\/wp-content\/themes\/verona\/images\/mapa\/null.gif\" \/><\/a><\/li>\n<\/ul>\n<\/div>\n<div class=\"duf hidden\" id=\"dgo\">\n<div>Goi\u00e1s &#8211; Distrito Federal<br \/>\nALVORADA &#8211; ASSESSORIA, COM\u00c9RCIO E SERVI\u00c7OS LTDA<br \/>\nLU\u00cdS VEDOI<br \/>\nEMAIL: <span title=\"\" class=\"pep-email\">alvorada.ass.com.serv(kskdowderstaoolxangritesodeghat)gmail.com<\/span><br \/>\nCEL\/WHATSAPP: <a href=\"tel:49991947894\">(49) 99194-7894<\/a><\/div>\n<\/div>\n<div class=\"duf hidden\" id=\"dmt\">\n<div>Mato Grosso<br \/>\nALVORADA &#8211; ASSESSORIA, COM\u00c9RCIO E SERVI\u00c7OS LTDA<br \/>\nLU\u00cdS VEDOI<br \/>\nEMAIL: <span title=\"\" class=\"pep-email\">alvorada.ass.com.serv(kskdowderstaoolxangritesodeghat)gmail.com<\/span><br \/>\nCEL\/WHATSAPP: <a href=\"tel:49991947894\">(49) 99194-7894<\/a><\/div>\n<\/div>\n<div class=\"duf hidden\" id=\"dms\">\n<div>Mato Grosso do Sul<br \/>\nALVORADA &#8211; ASSESSORIA, COM\u00c9RCIO E SERVI\u00c7OS LTDA<br \/>\nLU\u00cdS VEDOI<br \/>\nEMAIL: <span title=\"\" class=\"pep-email\">alvorada.ass.com.serv(kskdowderstaoolxangritesodeghat)gmail.com<\/span><br \/>\nCEL\/WHATSAPP: <a href=\"tel:49991947894\">(49) 99194-7894<\/a><\/div>\n<\/div>\n<div class=\"duf hidden\" id=\"ddf\">\n<div>Distrito Federal<br \/>\nALVORADA &#8211; ASSESSORIA, COM\u00c9RCIO E SERVI\u00c7OS LTDA<br \/>\nLU\u00cdS VEDOI<br \/>\nEMAIL: <span title=\"\" class=\"pep-email\">alvorada.ass.com.serv(kskdowderstaoolxangritesodeghat)gmail.com<\/span><br \/>\nCEL\/WHATSAPP: <a href=\"tel:49991947894\">(49) 99194-7894<\/a><\/div>\n<\/div>\n<div class=\"duf hidden\" id=\"dam\">\n<div>Amazonas<br \/>\nALVORADA &#8211; ASSESSORIA, COM\u00c9RCIO E SERVI\u00c7OS LTDA<br \/>\nLU\u00cdS VEDOI<br \/>\nEMAIL: <span title=\"\" class=\"pep-email\">alvorada.ass.com.serv(kskdowderstaoolxangritesodeghat)gmail.com<\/span><br \/>\nCEL\/WHATSAPP: <a href=\"tel:49991947894\">(49) 99194-7894<\/a><\/div>\n<\/div>\n<div class=\"duf hidden\" id=\"dac\">\n<div>Acre<br \/>\nALVORADA &#8211; ASSESSORIA, COM\u00c9RCIO E SERVI\u00c7OS LTDA<br \/>\nLU\u00cdS VEDOI<br \/>\nEMAIL: <span title=\"\" class=\"pep-email\">alvorada.ass.com.serv(kskdowderstaoolxangritesodeghat)gmail.com<\/span><br \/>\nCEL\/WHATSAPP: <a href=\"tel:49991947894\">(49) 99194-7894<\/a><\/div>\n<\/div>\n<div class=\"duf hidden\" id=\"dro\">\n<div>Rond\u00f4nia<br \/>\nALVORADA &#8211; ASSESSORIA, COM\u00c9RCIO E SERVI\u00c7OS LTDA<br \/>\nLU\u00cdS VEDOI<br \/>\nEMAIL: <span title=\"\" class=\"pep-email\">alvorada.ass.com.serv(kskdowderstaoolxangritesodeghat)gmail.com<\/span><br \/>\nCEL\/WHATSAPP: <a href=\"tel:49991947894\">(49) 99194-7894<\/a><\/div>\n<\/div>\n<div class=\"duf hidden\" id=\"drr\">\n<div>Roraima<br \/>\nALVORADA &#8211; ASSESSORIA, COM\u00c9RCIO E SERVI\u00c7OS LTDA<br \/>\nLU\u00cdS VEDOI<br \/>\nEMAIL: <span title=\"\" class=\"pep-email\">alvorada.ass.com.serv(kskdowderstaoolxangritesodeghat)gmail.com<\/span><br \/>\nCEL\/WHATSAPP: <a href=\"tel:49991947894\">(49) 99194-7894<\/a><\/div>\n<\/div>\n<div class=\"duf hidden\" id=\"dap\">\n<div>Amap\u00e1<br \/>\nALVORADA &#8211; ASSESSORIA, COM\u00c9RCIO E SERVI\u00c7OS LTDA<br \/>\nLU\u00cdS VEDOI<br \/>\nEMAIL: <span title=\"\" class=\"pep-email\">alvorada.ass.com.serv(kskdowderstaoolxangritesodeghat)gmail.com<\/span><br \/>\nCEL\/WHATSAPP: <a href=\"tel:49991947894\">(49) 99194-7894<\/a><\/div>\n<\/div>\n<div class=\"duf hidden\" id=\"dto\">\n<div>Tocantins<br \/>\nALVORADA &#8211; ASSESSORIA, COM\u00c9RCIO E SERVI\u00c7OS LTDA<br \/>\nLU\u00cdS VEDOI<br \/>\nEMAIL: <span title=\"\" class=\"pep-email\">alvorada.ass.com.serv(kskdowderstaoolxangritesodeghat)gmail.com<\/span><br \/>\nCEL\/WHATSAPP: <a href=\"tel:49991947894\">(49) 99194-7894<\/a><\/div>\n<\/div>\n<div class=\"duf hidden\" id=\"dpa\">\n<div>Para<br \/>\nALVORADA &#8211; ASSESSORIA, COM\u00c9RCIO E SERVI\u00c7OS LTDA<br \/>\nLU\u00cdS VEDOI<br \/>\nEMAIL: <span title=\"\" class=\"pep-email\">alvorada.ass.com.serv(kskdowderstaoolxangritesodeghat)gmail.com<\/span><br \/>\nCEL\/WHATSAPP: <a href=\"tel:49991947894\">(49) 99194-7894<\/a><\/div>\n<\/div>\n<div class=\"duf hidden\" id=\"dma\">\n<div>Maranh\u00e3o<br \/>\nALVORADA &#8211; ASSESSORIA, COM\u00c9RCIO E SERVI\u00c7OS LTDA<br \/>\nLU\u00cdS VEDOI<br \/>\nEMAIL: <span title=\"\" class=\"pep-email\">alvorada.ass.com.serv(kskdowderstaoolxangritesodeghat)gmail.com<\/span><br \/>\nCEL\/WHATSAPP: <a href=\"tel:49991947894\">(49) 99194-7894<\/a><\/div>\n<\/div>\n<div class=\"duf hidden\" id=\"dpi\">\n<div>Piaui<br \/>\nALVORADA &#8211; ASSESSORIA, COM\u00c9RCIO E SERVI\u00c7OS LTDA<br \/>\nLU\u00cdS VEDOI<br \/>\nEMAIL: <span title=\"\" class=\"pep-email\">alvorada.ass.com.serv(kskdowderstaoolxangritesodeghat)gmail.com<\/span><br \/>\nCEL\/WHATSAPP: <a href=\"tel:49991947894\">(49) 99194-7894<\/a><\/div>\n<\/div>\n<div class=\"duf hidden\" id=\"dce\">\n<div>Ceara<br \/>\nALVORADA &#8211; ASSESSORIA, COM\u00c9RCIO E SERVI\u00c7OS LTDA<br \/>\nLU\u00cdS VEDOI<br \/>\nEMAIL: <span title=\"\" class=\"pep-email\">alvorada.ass.com.serv(kskdowderstaoolxangritesodeghat)gmail.com<\/span><br \/>\nCEL\/WHATSAPP: <a href=\"tel:49991947894\">(49) 99194-7894<\/a><\/div>\n<\/div>\n<div class=\"duf hidden\" id=\"drn\">\n<div>Rio Grande do Norte<br \/>\nALVORADA &#8211; ASSESSORIA, COM\u00c9RCIO E SERVI\u00c7OS LTDA<br \/>\nLU\u00cdS VEDOI<br \/>\nEMAIL: <span title=\"\" class=\"pep-email\">alvorada.ass.com.serv(kskdowderstaoolxangritesodeghat)gmail.com<\/span><br \/>\nCEL\/WHATSAPP: <a href=\"tel:49991947894\">(49) 99194-7894<\/a><\/div>\n<\/div>\n<div class=\"duf hidden\" id=\"dpb\">\n<div>Paraiba<br \/>\nALVORADA &#8211; ASSESSORIA, COM\u00c9RCIO E SERVI\u00c7OS LTDA<br \/>\nLU\u00cdS VEDOI<br \/>\nEMAIL: <span title=\"\" class=\"pep-email\">alvorada.ass.com.serv(kskdowderstaoolxangritesodeghat)gmail.com<\/span><br \/>\nCEL\/WHATSAPP: <a href=\"tel:49991947894\">(49) 99194-7894<\/a><\/div>\n<\/div>\n<div class=\"duf hidden\" id=\"dpe\">\n<div>Pernambuco<br \/>\nALVORADA &#8211; ASSESSORIA, COM\u00c9RCIO E SERVI\u00c7OS LTDA<br \/>\nLU\u00cdS VEDOI<br \/>\nEMAIL: <span title=\"\" class=\"pep-email\">alvorada.ass.com.serv(kskdowderstaoolxangritesodeghat)gmail.com<\/span><br \/>\nCEL\/WHATSAPP: <a href=\"tel:49991947894\">(49) 99194-7894<\/a><\/div>\n<\/div>\n<div class=\"duf hidden\" id=\"dse\">\n<div>Sergipe<br \/>\nALVORADA &#8211; ASSESSORIA, COM\u00c9RCIO E SERVI\u00c7OS LTDA<br \/>\nLU\u00cdS VEDOI<br \/>\nEMAIL: <span title=\"\" class=\"pep-email\">alvorada.ass.com.serv(kskdowderstaoolxangritesodeghat)gmail.com<\/span><br \/>\nCEL\/WHATSAPP: <a href=\"tel:49991947894\">(49) 99194-7894<\/a><\/div>\n<\/div>\n<div class=\"duf hidden\" id=\"dal\">\n<div>Alagoas<br \/>\nALVORADA &#8211; ASSESSORIA, COM\u00c9RCIO E SERVI\u00c7OS LTDA<br \/>\nLU\u00cdS VEDOI<br \/>\nEMAIL: <span title=\"\" class=\"pep-email\">alvorada.ass.com.serv(kskdowderstaoolxangritesodeghat)gmail.com<\/span><br \/>\nCEL\/WHATSAPP: <a href=\"tel:49991947894\">(49) 99194-7894<\/a><\/div>\n<\/div>\n<div class=\"duf hidden\" id=\"dba\">\n<div>Bahia<\/div>\n<p>RAFAEL PADOVA CALHEIRA REPRESENTA\u00c7\u00d5ES LTDA<br \/>\nRAFAEL CALHEIRA<br \/>\nEMAIL: <span title=\"\" class=\"pep-email\">calheiragerencia(kskdowderstaoolxangritesodeghat)gmail.com<\/span><br \/>\nFONE: <a href=\"tel:7181560419\">(71) 8156-0419<\/a><br \/>\nCEL.: <a href=\"tel:71992876662\">(71) 99287-6662<\/a><br \/>\nINSTAGRAM.: <a href=\"calheirarepresentacoes\">calheirarepresentacoes<\/a><\/div>\n<\/div>\n<div class=\"duf hidden\" id=\"dsp\">\n<div>S\u00e3o Paulo &#8211; CAPITAL \/ ABCD \/ LITORAL<br \/>\nALVORADA &#8211; ASSESSORIA, COM\u00c9RCIO E SERVI\u00c7OS LTDA<br \/>\nLU\u00cdS VEDOI<br \/>\nEMAIL: <span title=\"\" class=\"pep-email\">alvorada.ass.com.serv(kskdowderstaoolxangritesodeghat)gmail.com<\/span><br \/>\nCEL\/WHATSAPP: <a href=\"tel:49991947894\">(49) 99194-7894<\/a><\/div>\n<p>S\u00e3o Paulo &#8211; INTERIOR<br \/>\nALVORADA &#8211; ASSESSORIA, COM\u00c9RCIO E SERVI\u00c7OS LTDA<br \/>\nLU\u00cdS VEDOI<br \/>\nEMAIL: <span title=\"\" class=\"pep-email\">alvorada.ass.com.serv(kskdowderstaoolxangritesodeghat)gmail.com<\/span><br \/>\nCEL\/WHATSAPP: <a href=\"tel:49991947894\">(49) 99194-7894<\/a><\/div>\n<\/div>\n<div class=\"duf hidden\" id=\"dmg\">\n<div>Minas Gerais<br \/>\nLINEAR EMP. E ASSESSORIA DE VENDAS LTDAMARCIO FARIA<br \/>\nSANDRO FARIA<br \/>\nEMAIL: <span title=\"\" class=\"pep-email\">mlinear(kskdowderstaoolxangritesodeghat)uol.com.br<\/span><br \/>\nFONE: <a href=\"tel:3133513566\">(31) 3351-3566<\/a><br \/>\nCEL. MARCIO: <a href=\"tel:3184612482\">(31) 8461-2482<\/a><br \/>\nCEL. SANDRO: <a href=\"tel:3184620975\">(31) 8462-0975<\/a><\/div>\n<\/div>\n<div class=\"duf hidden\" id=\"drj\">\n<div>Rio de Janeiro<\/div>\n<p>JUAN CARBALLO SERVI\u00c7OS ADM LTDA<br \/>\nJUAN CARBALLO<br \/>\nEMAIL: <span title=\"\" class=\"pep-email\">juancarballoadm(kskdowderstaoolxangritesodeghat)gmail.com<\/span><br \/>\nFONE: <a href=\"tel:2138451375\">(21) 3845-1375<\/a><br \/>\nCEL.: <a href=\"tel:21989001960\">(21) 98900-1960<\/a><\/p>\n<\/div>\n<div class=\"duf hidden\" id=\"des\">\n<div>Espirito Santo<\/div>\n<p>ALVORADA &#8211; ASSESSORIA, COM\u00c9RCIO E SERVI\u00c7OS LTDA<br \/>\nLU\u00cdS VEDOI<br \/>\nEMAIL: <span title=\"\" class=\"pep-email\">alvorada.ass.com.serv(kskdowderstaoolxangritesodeghat)gmail.com<\/span><br \/>\nCEL\/WHATSAPP: <a href=\"tel:49991947894\">(49) 99194-7894<\/a><\/div>\n<\/div>\n<div class=\"duf hidden\" id=\"dpr\">\n<div>PARAN\u00c1<br \/>\nALVORADA &#8211; ASSESSORIA, COM\u00c9RCIO E SERVI\u00c7OS LTDA<br \/>\nLU\u00cdS VEDOI<br \/>\nEMAIL: <span title=\"\" class=\"pep-email\">alvorada.ass.com.serv(kskdowderstaoolxangritesodeghat)gmail.com<\/span><br \/>\nCEL\/WHATSAPP: <a href=\"tel:49991947894\">(49) 99194-7894<\/a><\/div>\n<\/div>\n<div class=\"duf hidden\" id=\"dsc\">\n<div>SANTA CATARINA<br \/>\nALVORADA &#8211; ASSESSORIA, COM\u00c9RCIO E SERVI\u00c7OS LTDA<br \/>\nLU\u00cdS VEDOI<br \/>\nEMAIL: <span title=\"\" class=\"pep-email\">alvorada.ass.com.serv(kskdowderstaoolxangritesodeghat)gmail.com<\/span><br \/>\nCEL\/WHATSAPP: <a href=\"tel:49991947894\">(49) 99194-7894<\/a><\/div>\n<\/div>\n<div class=\"duf hidden\" id=\"drs\">\n<div>RIO GRANDE DO SUL<br \/>\nALVORADA &#8211; ASSESSORIA, COM\u00c9RCIO E SERVI\u00c7OS LTDA<br \/>\nLU\u00cdS VEDOI<br \/>\nEMAIL: <span title=\"\" class=\"pep-email\">alvorada.ass.com.serv(kskdowderstaoolxangritesodeghat)gmail.com<\/span><br \/>\nCEL\/WHATSAPP: <a href=\"tel:49991947894\">(49) 99194-7894<\/a><\/div>\n<p><script type=\"text\/javascript\" src=\"\/veronamoveis\/wp-content\/themes\/verona\/inc\/jquery-1.8.3.min.js?x=5\"><\/script><script type=\"text\/javascript\" src=\"\/veronamoveis\/wp-content\/themes\/verona\/inc\/mapa.js?x=5\"><\/script>\t<link href=\"\/veronamoveis\/wp-content\/themes\/verona\/inc\/mapa.css?x=5\" rel=\"stylesheet\" type=\"text\/css\" \/>\n","protected":false},"excerpt":{"rendered":"<p>Goi\u00e1s &#8211; Distrito Federal ALVORADA &#8211; ASSESSORIA, COM\u00c9RCIO E SERVI\u00c7OS LTDA LU\u00cdS VEDOI EMAIL: alvorada.ass.com.serv(kskdowderstaoolxangritesodeghat)gmail.com CEL\/WHATSAPP: (49) 99194-7894 Mato Grosso ALVORADA &#8211; ASSESSORIA, COM\u00c9RCIO E SERVI\u00c7OS LTDA LU\u00cdS VEDOI EMAIL: alvorada.ass.com.serv(kskdowderstaoolxangritesodeghat)gmail.com CEL\/WHATSAPP: (49) 99194-7894 Mato Grosso do Sul ALVORADA &#8211; &hellip; <a href=\"https:\/\/www.veronamoveis.com.br\/veronamoveis\/representantes\/\">Continuar a ler <span class=\"meta-nav\">&rarr;<\/span><\/a><\/p>\n","protected":false},"author":1,"featured_media":0,"parent":0,"menu_order":0,"comment_status":"closed","ping_status":"closed","template":"sidebar-page.php","meta":{"footnotes":""},"class_list":["post-30","page","type-page","status-publish","hentry"],"_links":{"self":[{"href":"https:\/\/www.veronamoveis.com.br\/veronamoveis\/wp-json\/wp\/v2\/pages\/30"}],"collection":[{"href":"https:\/\/www.veronamoveis.com.br\/veronamoveis\/wp-json\/wp\/v2\/pages"}],"about":[{"href":"https:\/\/www.veronamoveis.com.br\/veronamoveis\/wp-json\/wp\/v2\/types\/page"}],"author":[{"embeddable":true,"href":"https:\/\/www.veronamoveis.com.br\/veronamoveis\/wp-json\/wp\/v2\/users\/1"}],"replies":[{"embeddable":true,"href":"https:\/\/www.veronamoveis.com.br\/veronamoveis\/wp-json\/wp\/v2\/comments?post=30"}],"version-history":[{"count":94,"href":"https:\/\/www.veronamoveis.com.br\/veronamoveis\/wp-json\/wp\/v2\/pages\/30\/revisions"}],"predecessor-version":[{"id":79,"href":"https:\/\/www.veronamoveis.com.br\/veronamoveis\/wp-json\/wp\/v2\/pages\/30\/revisions\/79"}],"wp:attachment":[{"href":"https:\/\/www.veronamoveis.com.br\/veronamoveis\/wp-json\/wp\/v2\/media?parent=30"}],"curies":[{"name":"wp","href":"https:\/\/api.w.org\/{rel}","templated":true}]}}